{"id":11,"date":"2022-05-10T23:41:38","date_gmt":"2022-05-10T21:41:38","guid":{"rendered":"https:\/\/deshommesetdesfemmes.com\/?page_id=11"},"modified":"2024-05-17T22:18:56","modified_gmt":"2024-05-17T20:18:56","slug":"11-2","status":"publish","type":"page","link":"https:\/\/deshommesetdesfemmes.com\/","title":{"rendered":"Des hommes et des femmes.com"},"content":{"rendered":"\n\n\t\t\t\t<img loading=\"lazy\" decoding=\"async\" src=\"https:\/\/deshommesetdesfemmes.com\/wp-content\/uploads\/2022\/12\/logo-des-hommes-et-des-femmes.com-2-287x300.png\" alt=\"logo des hommes et des femmes.com (2)\" itemprop=\"image\" height=\"300\" width=\"287\" title=\"logo des hommes et des femmes.com (2)\" onerror=\"this.style.display='none'\"  \/>\n\t<p><strong>DES HOMMES ET DES FEMMES<\/strong><\/p>\n<p><strong>UNE PLATEFORME PRATIQUE <\/strong><\/p>\n<p><strong>POUR SE FORMER ET S&rsquo;INFORMER<\/strong><\/p>\n\t<p>DES HOMMES ET DES FEMMES SUR LES R\u00c9SEAUX<\/p>\n\t\t\t<a href=\"https:\/\/www.facebook.com\/Des-Hommes-et-des-Femmescom-106303479056355\" target=\"_self\" rel=\"noopener\">\n\t\t\t\t\t\t\t<\/a>\n\t\t\t<a href=\"https:\/\/www.instagram.com\/deshommesetdesfemmes\/\" target=\"_self\" rel=\"noopener\">\n\t\t\t\t\t\t\t<\/a>\n\t<h2><!--\n\t--><!--\t-->Une intervention EARS pour mon \u00e9tablissement scolaire ?Une formation ou intervention EARS dans mon dioc\u00e8se ?Une intervention ou formation  sur le couple dans ma paroisse ?Mieux conna\u00eetre ma masculinit\u00e9 ?Mieux conna\u00eetre ma f\u00e9minit\u00e9 ?Envie d&rsquo;une retraite Femme ?Envie d&rsquo;une retraite Homme ?D\u00e9couvrir mon affectivit\u00e9 et ma sexualit\u00e9 ?\u00catre accompagn\u00e9s pour la f\u00e9condit\u00e9 de notre couple ?Prendre soin, enrichir, aider, retrouver mon couple ?Avoir des mots pour \u00e9duquer \u00e0 l&rsquo;amour, la sexualit\u00e9 mes enfants ?<!--\n\t-->\n\t<\/h2>\n\t<p>Bienvenue sur ce site recensant les principales propositions et ouvrages d&rsquo;inspiration chr\u00e9tienne sur :<\/p>\n<p><a href=\"https:\/\/deshommesetdesfemmes.com\/index.php\/girl-power-decouvrir-sa-feminite\/\"><strong>LA FEMME &#8211; <\/strong><\/a><a href=\"https:\/\/deshommesetdesfemmes.com\/index.php\/superman-decouvrir-sa-masculinite\/\"><strong>L&rsquo;HOMME &#8211; <\/strong><\/a><a href=\"https:\/\/deshommesetdesfemmes.com\/index.php\/peacelove-decouvrir-son-alter-ego\/\"><strong>LE COUPLE &#8211; \u00a0LES ENFANTS\/ADOS<\/strong><\/a><\/p>\n\t<p><strong>AVANT-PROPOS<\/strong><\/p>\n\t\t\t<a href=\"\" target=\"_self\" rel=\"noopener\">\n\t\t\t\t\t\t\t<\/a>\n\t<p><strong>OBJECTIF<\/strong><\/p>\n<p>Cette plateforme est con\u00e7ue dans un but <strong>pratique<\/strong> afin de r\u00e9f\u00e9rencer en un lieu unique diff\u00e9rentes propositions et ouvrages incontournables propos\u00e9s par des chr\u00e9tiens form\u00e9s et engag\u00e9s sur ces th\u00e8mes anthropologiques : la femme, l&rsquo;homme, le couple et l&rsquo;\u00e9ducation affective relationnelle et sexuelle (EARS)<\/p>\n<p>Constatant que ces propositions et ouvrages demeurent encore m\u00e9connus des catholiques, de nos dioc\u00e8ses, \u00e9tablissements scolaires ou associations, nous souhaitons par l\u00e0 contribuer \u00e0 leur donner plus grande visibilit\u00e9 pour en donner un acc\u00e8s simplifi\u00e9 \u00e0 tous, esp\u00e9rant ainsi r\u00e9pondre \u00e0 vos besoins personnels ou \u00e0 ceux de vos missions.<\/p>\n<p>&nbsp;<\/p>\n\t\t\t<a href=\"https:\/\/deshommesetdesfemmes.com\/wp-content\/uploads\/2023\/04\/CP-dhdf.pdf\" target=\"_self\" rel=\"noopener\">\n\t\t\t\t\t\t\tCOMMUNIQUE DE PRESSE\n\t\t\t\t\t<\/a>\n\t<p>Contact presse :\u00a006696414503<\/p>\n<p>contact@deshommesetdesfemmes.com<\/p>\n\t\t\t<a href=\"\" target=\"_self\" rel=\"noopener\">\n\t\t\t\t\t\t\t<\/a>\n\t<p><strong>DISCERNEMENT<\/strong><\/p>\n<p>Toutes ces propositions, dans leur singularit\u00e9, convergent vers un seul et m\u00eame message d&rsquo;anthropologie chr\u00e9tienne en ad\u00e9quation avec la morale de l&rsquo;Eglise catholique. Toutefois, elles n&rsquo;engagent qu&rsquo;elles.<\/p>\n<p>Par ailleurs, outre la garantie que ce site apporte, il est important de vous rappeler que notre <strong>discernement propre reste ma\u00eetre.<\/strong><\/p>\n<p>Sans oublier qu&rsquo;une proposition peut convenir \u00e0 l&rsquo;un mais pas \u00e0 l&rsquo;autre.<\/p>\n\t\t\t<a href=\"\" target=\"_self\" rel=\"noopener\">\n\t\t\t\t\t\t\t<\/a>\n\t<p><strong>VOS EXP\u00c9RIENCES<\/strong><\/p>\n<p>Nous accordons une grande importance \u00e0 vos retours d&rsquo;exp\u00e9rience dans une optique d&rsquo;encouragement ou d&rsquo;ajustement des propositions si n\u00e9cessaire en cas de retours n\u00e9gatifs. En effet, cette plateforme se veut <strong>collaborative. <\/strong>Nous comptons aussi sur vous pour que ce site soit un lieu de r\u00e9f\u00e9rence pour tous en nous aidant \u00e0 am\u00e9liorer toujours le contenu. Vos t\u00e9moignages ne sont pas publi\u00e9s. MERCI.<\/p>\n<p>&nbsp;<\/p>\n\t\t\t<a href=\"https:\/\/deshommesetdesfemmes.com\/index.php\/vos-temoignages\/\" target=\"_self\" rel=\"noopener\">\n\t\t\t\t\t\t\tJE PARTAGE MON RETOUR\n\t\t\t\t\t<\/a>\n\t\t\t<a href=\"\" target=\"_self\" rel=\"noopener\">\n\t\t\t\t\t\t\t<\/a>\n\t<p><strong>COMIT\u00c9 DU SITE<\/strong><\/p>\n<p><strong>Laetitia Calmeyn<\/strong>, moraliste, professeur au Coll\u00e8ge des Bernardins, nomm\u00e9e consulteur \u00e0 la Congr\u00e9gation pour la doctrine de la foi, vierge consacr\u00e9e<\/p>\n<p><strong>Emmanuel Brochier<\/strong>, doyen et directeur de l&rsquo;IPC (Institut de Philosophie Compar\u00e9e)<\/p>\n<p><strong>Anne Majani<\/strong>, cofondatrice d&rsquo;une \u00e9cole<\/p>\n<p><strong>Blandine Durieux<\/strong>, sage-femme de formation, intervenante et formatrice association ARPE (Pass&rsquo;amour)<\/p>\n<p><strong>Marie-Gabrielle GERARD<\/strong>, fondatrice et conceptrice du site<\/p>\n\t<a href=\"#\" id=\"trigger-\" data-modal=\"\" data-node=\"\">\n\t\t\t\t\t\t\t\t\tVOIR LE COMIT\u00c9\n\t\t\t\t\t\t\t\t\t\t\t\t<\/a>\n\t\t\t\t\t\tPreview\n\t\t\tmodal-\n\t\t\t\t\t\t<img decoding=\"async\" src=\"https:\/\/deshommesetdesfemmes.com\/wp-content\/uploads\/2024\/05\/comite-DHDF-.jpg\"\/>\t\t\t\t\t\n\t\t\t<img decoding=\"async\" loading='false' src=\"https:\/\/deshommesetdesfemmes.com\/wp-content\/uploads\/2022\/05\/1095300479-huge-scaled.jpg\" alt=\"\" \/>\t\t\t\n\t\t\t\t<h1>#FEMMES<\/h1><h1>AIMER SA F\u00c9MINIT\u00c9<\/h1>\n\t\t\t<a href=\"https:\/\/deshommesetdesfemmes.com\/index.php\/girl-power-decouvrir-sa-feminite\/\" target=\"_self\" rel=\"noopener\">\n\t\t\t\t\t\t\tD\u00e9couvrir\n\t\t\t\t\t<\/a>\n\t\t\t<img decoding=\"async\" loading='false' src=\"https:\/\/deshommesetdesfemmes.com\/wp-content\/uploads\/2022\/05\/shutterstock_2096722819-scaled.jpg\" alt=\"\" \/>\t\t\t\n\t\t\t\t<h1>#HOMMES<\/h1><h1>BIEN DANS SA PEAU D&rsquo;HOMME<\/h1>\n\t\t\t<a href=\"https:\/\/deshommesetdesfemmes.com\/index.php\/superman-decouvrir-sa-masculinite\/\" target=\"_self\" rel=\"noopener\">\n\t\t\t\t\t\t\tD\u00e9couvrir\n\t\t\t\t\t<\/a>\n\t\t\t<img decoding=\"async\" loading='false' src=\"https:\/\/deshommesetdesfemmes.com\/wp-content\/uploads\/2022\/05\/shutterstock_1211224600-scaled.jpg\" alt=\"\" \/>\t\t\t\n\t\t\t\t<h1>#COUPLES<\/h1><h1>LA PAIX DES SEXES :\u00a0D\u00c9COUVRIR L&rsquo;ALTERIT\u00c9<\/h1>\n\t\t\t<a href=\"https:\/\/deshommesetdesfemmes.com\/index.php\/peacelove-decouvrir-son-alter-ego\/\" target=\"_self\" rel=\"noopener\">\n\t\t\t\t\t\t\tD\u00e9couvrir\n\t\t\t\t\t<\/a>\n\t\t\t<img decoding=\"async\" loading='false' src=\"https:\/\/deshommesetdesfemmes.com\/wp-content\/uploads\/2022\/05\/shutterstock_2040157922-1-scaled.jpg\" alt=\"\" \/>\t\t\t\n\t\t\t\t<h1>#EARS<\/h1><h1>LEUR APPRENDRE \u00c0 AIMER<\/h1>\n\t\t\t<a href=\"https:\/\/deshommesetdesfemmes.com\/index.php\/love-school-education-affective-et-sexuelle\/\" target=\"_self\" rel=\"noopener\">\n\t\t\t\t\t\t\tD\u00e9couvrir\n\t\t\t\t\t<\/a>\n\t\t\t\t<a href=\"#\" aria-label=\"previous\" role=\"button\">\n<\/a>\n\t\t\t\t<a href=\"#\" aria-label=\"next\" role=\"button\">\n<\/a>\n<h1>\n\t\tPARCOURS &#8211;  FORMATIONS &#8211; RETRAITES &#8211; ACCOMPAGNEMENTS &#8211;  COACHING &#8211; LIVRES &#8211; SITES \n\t<\/h1>\n\t\t\t\t<a href=\"https:\/\/deshommesetdesfemmes.com\/index.php\/girl-power-decouvrir-sa-feminite\/\" target=\"_self\" itemprop=\"url\" rel=\"noopener\">\n\t\t\t\t<img loading=\"lazy\" decoding=\"async\" src=\"https:\/\/deshommesetdesfemmes.com\/wp-content\/uploads\/2022\/12\/femmes.jpg\" alt=\"femmes\" itemprop=\"image\" height=\"768\" width=\"1366\" title=\"femmes\" onerror=\"this.style.display='none'\"  \/>\n\t\t\t\t<\/a>\n\t\t\t<a href=\"https:\/\/deshommesetdesfemmes.com\/index.php\/parcours-femmes\/\" target=\"_self\" rel=\"noopener\">\n\t\t\t\t\t\tParcours, retraites, accompagnements pour les femmes\n\t\t\t\t\t<\/a>\n\t\t\t<a href=\"https:\/\/deshommesetdesfemmes.com\/index.php\/291-2\/\" target=\"_self\" rel=\"noopener\">\n\t\t\t\t\t\tLivres &#038; sites de r\u00e9f\u00e9rence sur la f\u00e9minit\u00e9\n\t\t\t\t\t<\/a>\n\t\t\t\t<a href=\"https:\/\/deshommesetdesfemmes.com\/index.php\/superman-decouvrir-sa-masculinite\/\" target=\"_self\" itemprop=\"url\" rel=\"noopener\">\n\t\t\t\t<img loading=\"lazy\" decoding=\"async\" src=\"https:\/\/deshommesetdesfemmes.com\/wp-content\/uploads\/2023\/03\/hommes.jpg\" alt=\"hommes\" itemprop=\"image\" height=\"768\" width=\"1366\" title=\"hommes\" onerror=\"this.style.display='none'\"  \/>\n\t\t\t\t<\/a>\n\t\t\t<a href=\"https:\/\/deshommesetdesfemmes.com\/index.php\/parcours-hommes\/\" target=\"_self\" rel=\"noopener\">\n\t\t\t\t\t\tParcours, retraites, coaching pour les hommes\n\t\t\t\t\t<\/a>\n\t\t\t<a href=\"https:\/\/deshommesetdesfemmes.com\/index.php\/livres-hommes\/\" target=\"_self\" rel=\"noopener\">\n\t\t\t\t\t\tLivres &#038; sites de r\u00e9f\u00e9rence sur la masculinit\u00e9\n\t\t\t\t\t<\/a>\n\t\t\t\t<a href=\"https:\/\/deshommesetdesfemmes.com\/index.php\/peacelove-decouvrir-son-alter-ego\/\" target=\"_self\" itemprop=\"url\" rel=\"noopener\">\n\t\t\t\t<img loading=\"lazy\" decoding=\"async\" src=\"https:\/\/deshommesetdesfemmes.com\/wp-content\/uploads\/2022\/12\/couples.jpg\" alt=\"couples\" itemprop=\"image\" height=\"768\" width=\"1366\" title=\"couples\" onerror=\"this.style.display='none'\"  \/>\n\t\t\t\t<\/a>\n\t\t\t<a href=\"https:\/\/deshommesetdesfemmes.com\/index.php\/parcours-couples\/\" target=\"_self\" rel=\"noopener\">\n\t\t\t\t\t\tParcours, retraites, accompagnements pour les couples \n\t\t\t\t\t<\/a>\n\t\t\t<a href=\"https:\/\/deshommesetdesfemmes.com\/index.php\/livres-couples\/\" target=\"_self\" rel=\"noopener\">\n\t\t\t\t\t\tLivres &#038; sites de r\u00e9f\u00e9rence sur le couple\n\t\t\t\t\t<\/a>\n\t\t\t\t<a href=\"https:\/\/deshommesetdesfemmes.com\/index.php\/love-school-education-affective-et-sexuelle\/\" target=\"_self\" itemprop=\"url\" rel=\"noopener\">\n\t\t\t\t<img loading=\"lazy\" decoding=\"async\" src=\"https:\/\/deshommesetdesfemmes.com\/wp-content\/uploads\/2022\/12\/EARS.jpg\" alt=\"EARS\" itemprop=\"image\" height=\"768\" width=\"1366\" title=\"EARS\" onerror=\"this.style.display='none'\"  \/>\n\t\t\t\t<\/a>\n\t\t\t<a href=\"https:\/\/deshommesetdesfemmes.com\/index.php\/parcours-enfants-ados\/\" target=\"_self\" rel=\"noopener\">\n\t\t\t\t\t\tInterventions, Parcours, Formations et accompagnements EARS \n\t\t\t\t\t<\/a>\n\t\t\t<a href=\"https:\/\/deshommesetdesfemmes.com\/index.php\/livres-enfants-ados\/\" target=\"_self\" rel=\"noopener\">\n\t\t\t\t\t\tLivres &#038; sites de r\u00e9f\u00e9rence sur l&rsquo;EARS \n\t\t\t\t\t<\/a>\n\t<p>Inscrivez-vous pour recevoir les nouveaut\u00e9s du site<\/p>\n\t<p>Contacter l&rsquo;administration du site<\/p>\n<p><a href=\"mailto:contact@deshommesetdesfemmes.com\">contact@deshommesetdesfemmes.com<\/a><\/p>\n\t<p>\u00a0\u00a9\u00a0Tout droit r\u00e9serv\u00e9 deshommesetdesfemmes.com &#8211; \u00a0Conception \u00a0<a href=\"https:\/\/mggerard.com\"><img loading=\"lazy\" decoding=\"async\" src=\"https:\/\/deshommesetdesfemmes.com\/wp-content\/uploads\/2022\/05\/logo_MGG-_color_2021.png\" alt=\"\" width=\"56\" height=\"28\" \/><\/a><\/p>\n<p>\u00a9 Photos : Shutterstok &#8211; IStock<\/p>\n<p>&nbsp;<\/p>\n\t<strong>RGPD :<\/strong> Les informations recueillies pour le formulaire d&rsquo;inscription \u00e0 la newsletter et pour les t\u00e9moignages sont enregistr\u00e9es dans un fichier informatis\u00e9 par le site deshommesetdesfemmescom. Les donn\u00e9es collect\u00e9es ne seront communiqu\u00e9es qu&rsquo;\u00e0 l&rsquo;administration du site deshommesetdesfemmes.com. Elles sont conserv\u00e9es pendant la dur\u00e9e de l&rsquo;existence du site deshommesetdesfemmes.com.<br \/>\nVous pouvez acc\u00e9der aux donn\u00e9es vous concernant, les rectifier, demander leur effacement ou exercer votre droit \u00e0 la limitation du traitement de vos donn\u00e9es.<br \/>\nConsultez le site cnil.fr pour plus d&rsquo;informations sur vos droits. Pour exercer ces droits ou pour toute question sur le traitement de vos donn\u00e9es dans ce dispositif, vous pouvez contacter l&rsquo;administration du site : contact@deshommesetdesfemmes.com\n\n","protected":false},"excerpt":{"rendered":"<p>DES HOMMES ET DES FEMMES UNE PLATEFORME PRATIQUE POUR SE FORMER ET S&rsquo;INFORMER DES HOMMES ET DES FEMMES SUR LES R\u00c9SEAUX Une intervention EARS pour mon \u00e9tablissement scolaire ?Une formation ou intervention EARS dans mon dioc\u00e8se ?Une intervention ou formation sur le couple dans ma paroisse ?Mieux conna\u00eetre ma masculinit\u00e9 ?Mieux conna\u00eetre ma f\u00e9minit\u00e9 ?Envie&hellip;<\/p>\n","protected":false},"author":1,"featured_media":1264,"parent":0,"menu_order":0,"comment_status":"closed","ping_status":"closed","template":"tpl-no-header-footer.php","meta":{"_monsterinsights_skip_tracking":false,"_monsterinsights_sitenote_active":false,"_monsterinsights_sitenote_note":"","_monsterinsights_sitenote_category":0,"_glsr_average":0,"_glsr_ranking":0,"_glsr_reviews":0,"footnotes":""},"class_list":["post-11","page","type-page","status-publish","has-post-thumbnail","hentry"],"yoast_head":"<!-- This site is optimized with the Yoast SEO plugin v24.2 - https:\/\/yoast.com\/wordpress\/plugins\/seo\/ -->\n<title>Des hommes et des femmes.com - Des hommes et des femmes<\/title>\n<meta name=\"description\" content=\"1\u00e8re plateforme qui r\u00e9f\u00e9rence les propositions d&#039;inspirations chr\u00e9tiennes sur : la f\u00e9minit\u00e9, la masculinit\u00e9, le couple et l&#039;\u00e9ducation affective, relationnelle et sexuelle (EARS)\" \/>\n<meta name=\"robots\" content=\"index, follow, max-snippet:-1, max-image-preview:large, max-video-preview:-1\" \/>\n<link rel=\"canonical\" href=\"https:\/\/deshommesetdesfemmes.com\/\" \/>\n<meta property=\"og:locale\" content=\"fr_FR\" \/>\n<meta property=\"og:type\" content=\"article\" \/>\n<meta property=\"og:title\" content=\"Des Hommes et des Femmes.com\" \/>\n<meta property=\"og:description\" content=\"1\u00e8re plateforme qui r\u00e9f\u00e9rence les propositions d&#039;inspirations chr\u00e9tiennes sur : la f\u00e9minit\u00e9, la masculinit\u00e9, le couple et l&#039;\u00e9ducation affective, relationnelle et sexuelle (EARS)\" \/>\n<meta property=\"og:url\" content=\"https:\/\/deshommesetdesfemmes.com\/\" \/>\n<meta property=\"og:site_name\" content=\"Des hommes et des femmes\" \/>\n<meta property=\"article:modified_time\" content=\"2024-05-17T20:18:56+00:00\" \/>\n<meta property=\"og:image\" content=\"https:\/\/deshommesetdesfemmes.com\/wp-content\/uploads\/2023\/02\/Visu-DHDF-1080X1080-whatsapp.png\" \/>\n\t<meta property=\"og:image:width\" content=\"1081\" \/>\n\t<meta property=\"og:image:height\" content=\"1011\" \/>\n\t<meta property=\"og:image:type\" content=\"image\/png\" \/>\n<meta name=\"twitter:card\" content=\"summary_large_image\" \/>\n<meta name=\"twitter:title\" content=\"Des Hommes et des Femmes.com\" \/>\n<meta name=\"twitter:description\" content=\"1\u00e8re plateforme qui r\u00e9f\u00e9rence les propositions d&#039;inspirations chr\u00e9tiennes sur : la f\u00e9minit\u00e9, la masculinit\u00e9, le couple et l&#039;\u00e9ducation affective, relationnelle et sexuelle (EARS)\" \/>\n<meta name=\"twitter:image\" content=\"https:\/\/deshommesetdesfemmes.com\/wp-content\/uploads\/2023\/02\/Visu-DHDF-1080X1080-whatsapp.png\" \/>\n<meta name=\"twitter:label1\" content=\"Dur\u00e9e de lecture estim\u00e9e\" \/>\n\t<meta name=\"twitter:data1\" content=\"6 minutes\" \/>\n<script type=\"application\/ld+json\" class=\"yoast-schema-graph\">{\"@context\":\"https:\/\/schema.org\",\"@graph\":[{\"@type\":\"WebPage\",\"@id\":\"https:\/\/deshommesetdesfemmes.com\/\",\"url\":\"https:\/\/deshommesetdesfemmes.com\/\",\"name\":\"Des hommes et des femmes.com - Des hommes et des femmes\",\"isPartOf\":{\"@id\":\"https:\/\/deshommesetdesfemmes.com\/#website\"},\"primaryImageOfPage\":{\"@id\":\"https:\/\/deshommesetdesfemmes.com\/#primaryimage\"},\"image\":{\"@id\":\"https:\/\/deshommesetdesfemmes.com\/#primaryimage\"},\"thumbnailUrl\":\"https:\/\/deshommesetdesfemmes.com\/wp-content\/uploads\/2023\/02\/Visu-DHDF-1080X1080-whatsapp.png\",\"datePublished\":\"2022-05-10T21:41:38+00:00\",\"dateModified\":\"2024-05-17T20:18:56+00:00\",\"description\":\"1\u00e8re plateforme qui r\u00e9f\u00e9rence les propositions d'inspirations chr\u00e9tiennes sur : la f\u00e9minit\u00e9, la masculinit\u00e9, le couple et l'\u00e9ducation affective, relationnelle et sexuelle (EARS)\",\"breadcrumb\":{\"@id\":\"https:\/\/deshommesetdesfemmes.com\/#breadcrumb\"},\"inLanguage\":\"fr-FR\",\"potentialAction\":[{\"@type\":\"ReadAction\",\"target\":[\"https:\/\/deshommesetdesfemmes.com\/\"]}]},{\"@type\":\"ImageObject\",\"inLanguage\":\"fr-FR\",\"@id\":\"https:\/\/deshommesetdesfemmes.com\/#primaryimage\",\"url\":\"https:\/\/deshommesetdesfemmes.com\/wp-content\/uploads\/2023\/02\/Visu-DHDF-1080X1080-whatsapp.png\",\"contentUrl\":\"https:\/\/deshommesetdesfemmes.com\/wp-content\/uploads\/2023\/02\/Visu-DHDF-1080X1080-whatsapp.png\",\"width\":1081,\"height\":1011},{\"@type\":\"BreadcrumbList\",\"@id\":\"https:\/\/deshommesetdesfemmes.com\/#breadcrumb\",\"itemListElement\":[{\"@type\":\"ListItem\",\"position\":1,\"name\":\"Accueil\",\"item\":\"https:\/\/deshommesetdesfemmes.com\/\"},{\"@type\":\"ListItem\",\"position\":2,\"name\":\"Des hommes et des femmes.com\"}]},{\"@type\":\"WebSite\",\"@id\":\"https:\/\/deshommesetdesfemmes.com\/#website\",\"url\":\"https:\/\/deshommesetdesfemmes.com\/\",\"name\":\"Des hommes et des femmes\",\"description\":\"plateforme pratique pour se former et s&#039;informer\",\"potentialAction\":[{\"@type\":\"SearchAction\",\"target\":{\"@type\":\"EntryPoint\",\"urlTemplate\":\"https:\/\/deshommesetdesfemmes.com\/?s={search_term_string}\"},\"query-input\":{\"@type\":\"PropertyValueSpecification\",\"valueRequired\":true,\"valueName\":\"search_term_string\"}}],\"inLanguage\":\"fr-FR\"}]}<\/script>\n<!-- \/ Yoast SEO plugin. -->","yoast_head_json":{"title":"Des hommes et des femmes.com - Des hommes et des femmes","description":"1\u00e8re plateforme qui r\u00e9f\u00e9rence les propositions d'inspirations chr\u00e9tiennes sur : la f\u00e9minit\u00e9, la masculinit\u00e9, le couple et l'\u00e9ducation affective, relationnelle et sexuelle (EARS)","robots":{"index":"index","follow":"follow","max-snippet":"max-snippet:-1","max-image-preview":"max-image-preview:large","max-video-preview":"max-video-preview:-1"},"canonical":"https:\/\/deshommesetdesfemmes.com\/","og_locale":"fr_FR","og_type":"article","og_title":"Des Hommes et des Femmes.com","og_description":"1\u00e8re plateforme qui r\u00e9f\u00e9rence les propositions d'inspirations chr\u00e9tiennes sur : la f\u00e9minit\u00e9, la masculinit\u00e9, le couple et l'\u00e9ducation affective, relationnelle et sexuelle (EARS)","og_url":"https:\/\/deshommesetdesfemmes.com\/","og_site_name":"Des hommes et des femmes","article_modified_time":"2024-05-17T20:18:56+00:00","og_image":[{"width":1081,"height":1011,"url":"https:\/\/deshommesetdesfemmes.com\/wp-content\/uploads\/2023\/02\/Visu-DHDF-1080X1080-whatsapp.png","type":"image\/png"}],"twitter_card":"summary_large_image","twitter_title":"Des Hommes et des Femmes.com","twitter_description":"1\u00e8re plateforme qui r\u00e9f\u00e9rence les propositions d'inspirations chr\u00e9tiennes sur : la f\u00e9minit\u00e9, la masculinit\u00e9, le couple et l'\u00e9ducation affective, relationnelle et sexuelle (EARS)","twitter_image":"https:\/\/deshommesetdesfemmes.com\/wp-content\/uploads\/2023\/02\/Visu-DHDF-1080X1080-whatsapp.png","twitter_misc":{"Dur\u00e9e de lecture estim\u00e9e":"6 minutes"},"schema":{"@context":"https:\/\/schema.org","@graph":[{"@type":"WebPage","@id":"https:\/\/deshommesetdesfemmes.com\/","url":"https:\/\/deshommesetdesfemmes.com\/","name":"Des hommes et des femmes.com - Des hommes et des femmes","isPartOf":{"@id":"https:\/\/deshommesetdesfemmes.com\/#website"},"primaryImageOfPage":{"@id":"https:\/\/deshommesetdesfemmes.com\/#primaryimage"},"image":{"@id":"https:\/\/deshommesetdesfemmes.com\/#primaryimage"},"thumbnailUrl":"https:\/\/deshommesetdesfemmes.com\/wp-content\/uploads\/2023\/02\/Visu-DHDF-1080X1080-whatsapp.png","datePublished":"2022-05-10T21:41:38+00:00","dateModified":"2024-05-17T20:18:56+00:00","description":"1\u00e8re plateforme qui r\u00e9f\u00e9rence les propositions d'inspirations chr\u00e9tiennes sur : la f\u00e9minit\u00e9, la masculinit\u00e9, le couple et l'\u00e9ducation affective, relationnelle et sexuelle (EARS)","breadcrumb":{"@id":"https:\/\/deshommesetdesfemmes.com\/#breadcrumb"},"inLanguage":"fr-FR","potentialAction":[{"@type":"ReadAction","target":["https:\/\/deshommesetdesfemmes.com\/"]}]},{"@type":"ImageObject","inLanguage":"fr-FR","@id":"https:\/\/deshommesetdesfemmes.com\/#primaryimage","url":"https:\/\/deshommesetdesfemmes.com\/wp-content\/uploads\/2023\/02\/Visu-DHDF-1080X1080-whatsapp.png","contentUrl":"https:\/\/deshommesetdesfemmes.com\/wp-content\/uploads\/2023\/02\/Visu-DHDF-1080X1080-whatsapp.png","width":1081,"height":1011},{"@type":"BreadcrumbList","@id":"https:\/\/deshommesetdesfemmes.com\/#breadcrumb","itemListElement":[{"@type":"ListItem","position":1,"name":"Accueil","item":"https:\/\/deshommesetdesfemmes.com\/"},{"@type":"ListItem","position":2,"name":"Des hommes et des femmes.com"}]},{"@type":"WebSite","@id":"https:\/\/deshommesetdesfemmes.com\/#website","url":"https:\/\/deshommesetdesfemmes.com\/","name":"Des hommes et des femmes","description":"plateforme pratique pour se former et s&#039;informer","potentialAction":[{"@type":"SearchAction","target":{"@type":"EntryPoint","urlTemplate":"https:\/\/deshommesetdesfemmes.com\/?s={search_term_string}"},"query-input":{"@type":"PropertyValueSpecification","valueRequired":true,"valueName":"search_term_string"}}],"inLanguage":"fr-FR"}]}},"_links":{"self":[{"href":"https:\/\/deshommesetdesfemmes.com\/index.php\/wp-json\/wp\/v2\/pages\/11","targetHints":{"allow":["GET"]}}],"collection":[{"href":"https:\/\/deshommesetdesfemmes.com\/index.php\/wp-json\/wp\/v2\/pages"}],"about":[{"href":"https:\/\/deshommesetdesfemmes.com\/index.php\/wp-json\/wp\/v2\/types\/page"}],"author":[{"embeddable":true,"href":"https:\/\/deshommesetdesfemmes.com\/index.php\/wp-json\/wp\/v2\/users\/1"}],"replies":[{"embeddable":true,"href":"https:\/\/deshommesetdesfemmes.com\/index.php\/wp-json\/wp\/v2\/comments?post=11"}],"version-history":[{"count":367,"href":"https:\/\/deshommesetdesfemmes.com\/index.php\/wp-json\/wp\/v2\/pages\/11\/revisions"}],"predecessor-version":[{"id":1726,"href":"https:\/\/deshommesetdesfemmes.com\/index.php\/wp-json\/wp\/v2\/pages\/11\/revisions\/1726"}],"wp:featuredmedia":[{"embeddable":true,"href":"https:\/\/deshommesetdesfemmes.com\/index.php\/wp-json\/wp\/v2\/media\/1264"}],"wp:attachment":[{"href":"https:\/\/deshommesetdesfemmes.com\/index.php\/wp-json\/wp\/v2\/media?parent=11"}],"curies":[{"name":"wp","href":"https:\/\/api.w.org\/{rel}","templated":true}]}}